{"id":41,"date":"2020-12-04T09:36:10","date_gmt":"2020-12-04T09:36:10","guid":{"rendered":"https:\/\/www.egger-donau.de\/?page_id=41"},"modified":"2020-12-04T10:21:29","modified_gmt":"2020-12-04T10:21:29","slug":"datenschutzerklaerung","status":"publish","type":"page","link":"https:\/\/www.egger-donau.de\/?page_id=41","title":{"rendered":"Datenschutzerkl\u00e4rung"},"content":{"rendered":"\n<p>Der Schutz Ihrer pers\u00f6hnlichen Daten ist uns ein besonderes Anliegen. Wir verarbeiten Ihre Daten daher ausschlie\u00dflich auf Grundlage der gesetzlichen Bestimmungen (DSGVO, TKG 2003). In diesen Datenschutzinformationen informieren wir Sie \u00fcber die wichtigsten Aspekte der Datenverarbeitung im Rahmen unserer Website.<\/p>\n\n\n\n<h2 class=\"wp-block-heading\">Allgemeine Erfassung bei Zugriffen<\/h2>\n\n\n\n<p>Wir erfassen mit jedem Aufruf der Internetseite durch eine betroffene Person oder ein automatisiertes System eine Reihe von allgemeinen Daten und Informationen. Diese allgemeinen Daten und Informationen werden in den Logfiles des Servers gespeichert. Erfasst werden k\u00f6nnen:<\/p>\n\n\n\n<ul class=\"wp-block-list\"><li>eine Internet-Protokoll-Adresse (IP-Adresse)<\/li><li>das Datum und die Uhrzeit des Zugriffs auf die Internetseite,<\/li><li>die genaue Unterseite, die auf unserer Internetseite angesteuert wurde,<\/li><li>die Internetseite, von welcher Sie auf unsere Internetseite gelangt sind (sogenannte Referer),<\/li><li>der verwendete Browser und dessen Version<\/li><li>und das f\u00fcr den Zugriff verwendete Betriebsystem<\/li><\/ul>\n\n\n\n<p>Die genannten Daten werden durch uns zu folgenden Zwecken verarbeitet:<\/p>\n\n\n\n<ul class=\"wp-block-list\"><li><strong>um einen reibungslosen Verbindungsaufbau der Internetseite zu gew\u00e4hrleisten<\/strong><\/li><li><strong>um Inhalte unserer Internetseite f\u00fcr Sie zu optimieren<\/strong><\/li><li><strong>und um die Systemsicherheit und Stabilit\u00e4t zu gew\u00e4hrleisten<\/strong><\/li><\/ul>\n\n\n\n<p>Diese Punkte liegen in Ihrem und unserem berechtigten Interesse. Daneben verwenden wir diese Daten gegebenfalls auch, um unserern rechtlichen Verpflichtungen in der Zusammenarbeit mit Strafverfolgungsbeh\u00f6rden nachzukommen. In keinem Fall verwenden wir die erhobenen Daten zu dem Zweck, R\u00fcckschl\u00fcsse auf Ihre Person zu ziehen. <strong>Die Speicherdauer dieser Logfiles betr\u00e4gt maximal 2 Monate.<\/strong><\/p>\n\n\n\n<p><strong>Cookies<\/strong><\/p>\n\n\n\n<p>Auf der Website werden sog. Cookies eingesetzt. <strong>Das sind Datenpakete, die zwischen dem Server der Kanzleiwebseite und dem Browser des Besuchers ausgetausht werden. <\/strong>Diese werden beim Besuch der Webseite von den jeweils verdendeten Ger\u00e4ten gespeichert. <strong>In den Cookies werden Informationen abgelegt, die sich jeweils im Zusammenhang mit dem spezifisch eingesetzten Endger\u00e4t ergeben. Cookies werden nach den Grundeinstellungen der Browser gr\u00f6\u00dftenteils akzeptiert, die Browsereinstellungen k\u00f6nnen so eingerichtet werden, dass Cookies nicht oder erst nach R\u00fcckfrage akzeptiert werden.<\/strong> Der Einsatz von Cookies dient dazu die Nutzung des Webangebots komfortabler zu gestalten, bzw. gewisse Funktionen erst zu erm\u00f6glichen, au\u00dferdem dienen Cookies statistischen Zwecken um die Inhalte der Website optimieren zu k\u00f6nnen. Cookies werden nach gewisser Zeit automatisch vom Browser gel\u00f6scht, k\u00f6nnen dort aber auch jederzeit manuell gel\u00f6scht werden. <strong>Die durch Cookies verarbeiteten Daten sind f\u00fcr die o. g. Zwecke zur Wahrung der berechtigten Interessen der Kanzlei nach Art. 6. Abs 1 Satz 1 Buchstabe f) DSGVO gerechtfertigt.<\/strong><\/p>\n\n\n\n<p><strong>Ihre Rechte<\/strong><\/p>\n\n\n\n<p>Ihnen stehen grunds\u00e4tzlich die Rechte auf Auskung, Berichtigung, L\u00f6schung, Einschr\u00e4nkung, Daten\u00fcbertragbarkeit, Widerruf und Widerspruch zu. Wenn Sie glauben, dass die Verarbeitung Ihrer Daten gegen das Datenschutzrecht verst\u00f6\u00dft oder Ihre datenschutzrechtlichen Anspr\u00fcche sonst in einer Weise verletzt worden sind, k\u00f6nnen Sie sich bei der Aufsichtsbeh\u00f6rde beschweren. Eine Auflistung der zust\u00e4ndigen Aufsichtsbeh\u00f6rden nach Bundesl\u00e4ndern finden Sie unter <a href=\"file:\/\/\/C:\/Users\/EggerF\/Documents\/egger\/www.datenschutz-wiki.de\/index.html\">www.datenschutz-wiki.de<\/a>.<\/p>\n\n\n\n<p><strong>Ansprechpartner<\/strong><\/p>\n\n\n\n<p>S\u00e4mtliche Anfragen, Erkl\u00e4rungen und R\u00fcckfragen zur Datennutzung richten Sie bitte an <strong><a href=\"mailto:info@egger-donau.de\">info@egger-donau.de<\/a>.<\/strong><\/p>\n\n\n\n<p><strong>Informationspflicht nach \u00a7 36 VSBG<\/strong><\/p>\n\n\n\n<p>Das Steuerb\u00fcro Egger ist grunds\u00e4tzlich nicht bereit und verpflichtet, an Streitbeilegungsverfahren vor einer Verbraucherschlichtungsstelle teilzunehmen.<\/p>\n\n\n\n<p><strong>EU-Verbraucherschlichtung<\/strong><\/p>\n\n\n\n<p><strong>Allgemeine Informationspflicht zur Online-Streitbeilegung nach der ODR-Verordnung<\/strong><\/p>\n\n\n\n<p>Wir sind verpflichtet, Sie \u00fcber die M\u00f6glichkeiten der Online-Beilegung von verbraucherrechtlichen Streitigkeiten nach EU-Verordnung Nr. 524\/2013 zu informieren und verweisen entsprechend mit der Bitte um Kenntnisnahme wie folgt: <a href=\"file:\/\/\/C:\/Users\/EggerF\/Documents\/egger\/ec.europa.eu\/consumers\/odr\/index.html\">http:\/\/ec.europa.eu\/consumers\/odr\/<\/a><\/p>\n\n\n\n<p>F\u00fcr den Inhalt dieses Links oder sonstiger Ver\u00f6ffentlichungen unter der benannten Homepage zeichnen wir keinerlei Verantwortung.<\/p>\n","protected":false},"excerpt":{"rendered":"<p>Der Schutz Ihrer pers\u00f6hnlichen Daten ist uns ein besonderes Anliegen. Wir verarbeiten Ihre Daten daher ausschlie\u00dflich auf Grundlage der gesetzlichen Bestimmungen (DSGVO, TKG 2003). In diesen Datenschutzinformationen informieren wir Sie \u00fcber die wichtigsten Aspekte der Datenverarbeitung im Rahmen unserer Website. Allgemeine Erfassung bei Zugriffen Wir erfassen mit jedem Aufruf der Internetseite durch eine betroffene Person [&hellip;]<\/p>\n","protected":false},"author":1,"featured_media":0,"parent":0,"menu_order":0,"comment_status":"closed","ping_status":"closed","template":"","meta":{"footnotes":""},"class_list":["post-41","page","type-page","status-publish","hentry","wpbf-post"],"brizy_media":[],"_links":{"self":[{"href":"https:\/\/www.egger-donau.de\/index.php?rest_route=\/wp\/v2\/pages\/41","targetHints":{"allow":["GET"]}}],"collection":[{"href":"https:\/\/www.egger-donau.de\/index.php?rest_route=\/wp\/v2\/pages"}],"about":[{"href":"https:\/\/www.egger-donau.de\/index.php?rest_route=\/wp\/v2\/types\/page"}],"author":[{"embeddable":true,"href":"https:\/\/www.egger-donau.de\/index.php?rest_route=\/wp\/v2\/users\/1"}],"replies":[{"embeddable":true,"href":"https:\/\/www.egger-donau.de\/index.php?rest_route=%2Fwp%2Fv2%2Fcomments&post=41"}],"version-history":[{"count":2,"href":"https:\/\/www.egger-donau.de\/index.php?rest_route=\/wp\/v2\/pages\/41\/revisions"}],"predecessor-version":[{"id":93,"href":"https:\/\/www.egger-donau.de\/index.php?rest_route=\/wp\/v2\/pages\/41\/revisions\/93"}],"wp:attachment":[{"href":"https:\/\/www.egger-donau.de\/index.php?rest_route=%2Fwp%2Fv2%2Fmedia&parent=41"}],"curies":[{"name":"wp","href":"https:\/\/api.w.org\/{rel}","templated":true}]}}